{"id":2581,"date":"2022-06-13T12:29:59","date_gmt":"2022-06-13T10:29:59","guid":{"rendered":"https:\/\/www.staging.lumina-mundi.com\/?page_id=2581"},"modified":"2022-06-14T20:11:22","modified_gmt":"2022-06-14T18:11:22","slug":"nos-certifications","status":"publish","type":"page","link":"https:\/\/www.lumina-mundi.com\/nl\/nos-certifications\/","title":{"rendered":"Onze certificeringen"},"content":{"rendered":"<div data-elementor-type=\"wp-page\" data-elementor-id=\"2581\" class=\"elementor elementor-2581\" data-elementor-post-type=\"page\">\n\t\t\t\t\t\t<section class=\"elementor-section elementor-top-section elementor-element elementor-element-c8c0c10 elementor-section-full_width elementor-section-stretched elementor-section-height-default elementor-section-height-default\" data-id=\"c8c0c10\" data-element_type=\"section\" data-settings=\"{&quot;stretch_section&quot;:&quot;section-stretched&quot;}\">\n\t\t\t\t\t\t<div class=\"elementor-container elementor-column-gap-default\">\n\t\t\t\t\t<div class=\"elementor-column elementor-col-100 elementor-top-column elementor-element elementor-element-687943e\" data-id=\"687943e\" data-element_type=\"column\">\n\t\t\t<div class=\"elementor-widget-wrap elementor-element-populated\">\n\t\t\t\t\t\t<div class=\"elementor-element elementor-element-fce3d58 elementor-widget elementor-widget-heading\" data-id=\"fce3d58\" data-element_type=\"widget\" data-widget_type=\"heading.default\">\n\t\t\t\t<div class=\"elementor-widget-container\">\n\t\t\t\t\t<h2 class=\"elementor-heading-title elementor-size-default\">Onze certificeringen<\/h2>\t\t\t\t<\/div>\n\t\t\t\t<\/div>\n\t\t\t\t<div class=\"elementor-element elementor-element-8a58783 elementor-widget-divider--separator-type-pattern elementor-widget-divider--no-spacing elementor-widget-divider--view-line elementor-widget elementor-widget-divider\" data-id=\"8a58783\" data-element_type=\"widget\" data-widget_type=\"divider.default\">\n\t\t\t\t<div class=\"elementor-widget-container\">\n\t\t\t\t\t\t\t<div class=\"elementor-divider\" style=\"--divider-pattern-url: url(&quot;data:image\/svg+xml,%3Csvg xmlns=&#039;http:\/\/www.w3.org\/2000\/svg&#039; preserveAspectRatio=&#039;xMidYMid meet&#039; overflow=&#039;visible&#039; height=&#039;100%&#039; viewBox=&#039;0 0 126 26&#039; fill=&#039;black&#039; stroke=&#039;none&#039;%3E%3Cpath d=&#039;M3,10.2c2.6,0,2.6,2,2.6,3.2S4.4,16.5,3,16.5s-3-1.4-3-3.2S0.4,10.2,3,10.2z M18.8,10.2c1.7,0,3.2,1.4,3.2,3.2s-1.4,3.2-3.2,3.2c-1.7,0-3.2-1.4-3.2-3.2S17,10.2,18.8,10.2z M34.6,10.2c1.5,0,2.6,1.4,2.6,3.2s-0.5,3.2-1.9,3.2c-1.5,0-3.4-1.4-3.4-3.2S33.1,10.2,34.6,10.2z M50.5,10.2c1.7,0,3.2,1.4,3.2,3.2s-1.4,3.2-3.2,3.2c-1.7,0-3.3-0.9-3.3-2.6S48.7,10.2,50.5,10.2z M66.2,10.2c1.5,0,3.4,1.4,3.4,3.2s-1.9,3.2-3.4,3.2c-1.5,0-2.6-0.4-2.6-2.1S64.8,10.2,66.2,10.2z M82.2,10.2c1.7,0.8,2.6,1.4,2.6,3.2s-0.1,3.2-1.6,3.2c-1.5,0-3.7-1.4-3.7-3.2S80.5,9.4,82.2,10.2zM98.6,10.2c1.5,0,2.6,0.4,2.6,2.1s-1.2,4.2-2.6,4.2c-1.5,0-3.7-0.4-3.7-2.1S97.1,10.2,98.6,10.2z M113.4,10.2c1.2,0,2.2,0.9,2.2,3.2s-0.1,3.2-1.3,3.2s-3.1-1.4-3.1-3.2S112.2,10.2,113.4,10.2z&#039;\/%3E%3C\/svg%3E&quot;);\">\n\t\t\t<span class=\"elementor-divider-separator\">\n\t\t\t\t\t\t<\/span>\n\t\t<\/div>\n\t\t\t\t\t\t<\/div>\n\t\t\t\t<\/div>\n\t\t\t\t<div class=\"elementor-element elementor-element-bbe2c1f elementor-widget elementor-widget-text-editor\" data-id=\"bbe2c1f\" data-element_type=\"widget\" data-widget_type=\"text-editor.default\">\n\t\t\t\t<div class=\"elementor-widget-container\">\n\t\t\t\t\t\t\t\t\t<p>We werken met een Belgisch laboratorium, <a href=\"https:\/\/copaiba.be\">Copa\u00efba<\/a>, dat onze recepten zorgvuldig heeft ge\u00efnspecteerd om de validatie van marketing te verkrijgen.<\/p><p>Onze producten zijn getest en goedgekeurd door ons laboratorium.  We hebben alle veiligheids-, stabiliteit-, uitdaging- en lektests uitgevoerd.  De microbiologische specificaties van onze producten zijn geregistreerd en geanalyseerd, zodat u onze producten veilig kunt gebruiken.<\/p><p>We hebben onze producten uiteraard geregistreerd bij het CPNP (Cosmetic Products Notification Portal).  Ze voldoen dus aan de Belgische normen.<\/p><p>Voor elk van onze producten is een Europees cosmetisch dossier opgesteld om te voldoen aan alle voorwaarden en wetten die in Europa van kracht zijn.<\/p>\t\t\t\t\t\t\t\t<\/div>\n\t\t\t\t<\/div>\n\t\t\t\t\t<\/div>\n\t\t<\/div>\n\t\t\t\t\t<\/div>\n\t\t<\/section>\n\t\t\t\t<section class=\"elementor-section elementor-top-section elementor-element elementor-element-311fa62c custom-side-paddings elementor-section-stretched elementor-section-height-min-height elementor-section-boxed elementor-section-height-default elementor-section-items-middle\" data-id=\"311fa62c\" data-element_type=\"section\" data-settings=\"{&quot;background_background&quot;:&quot;classic&quot;,&quot;animation&quot;:&quot;none&quot;,&quot;stretch_section&quot;:&quot;section-stretched&quot;,&quot;shape_divider_top&quot;:&quot;curve-asymmetrical&quot;,&quot;shape_divider_top_negative&quot;:&quot;yes&quot;,&quot;shape_divider_bottom&quot;:&quot;curve-asymmetrical&quot;,&quot;shape_divider_bottom_negative&quot;:&quot;yes&quot;}\">\n\t\t\t\t\t\t\t<div class=\"elementor-background-overlay\"><\/div>\n\t\t\t\t\t\t<div class=\"elementor-shape elementor-shape-top\" aria-hidden=\"true\" data-negative=\"true\">\n\t\t\t<svg xmlns=\"http:\/\/www.w3.org\/2000\/svg\" viewbox=\"0 0 1000 100\" preserveaspectratio=\"none\">\n\t<path class=\"elementor-shape-fill\" d=\"M615.2,96.7C240.2,97.8,0,18.9,0,0v100h1000V0C1000,19.2,989.8,96,615.2,96.7z\"\/>\n<\/svg>\t\t<\/div>\n\t\t\t\t<div class=\"elementor-shape elementor-shape-bottom\" aria-hidden=\"true\" data-negative=\"true\">\n\t\t\t<svg xmlns=\"http:\/\/www.w3.org\/2000\/svg\" viewbox=\"0 0 1000 100\" preserveaspectratio=\"none\">\n\t<path class=\"elementor-shape-fill\" d=\"M615.2,96.7C240.2,97.8,0,18.9,0,0v100h1000V0C1000,19.2,989.8,96,615.2,96.7z\"\/>\n<\/svg>\t\t<\/div>\n\t\t\t\t\t<div class=\"elementor-container elementor-column-gap-no\">\n\t\t\t\t\t<div class=\"elementor-column elementor-col-100 elementor-top-column elementor-element elementor-element-276d56\" data-id=\"276d56\" data-element_type=\"column\" data-settings=\"{&quot;background_background&quot;:&quot;classic&quot;}\">\n\t\t\t<div class=\"elementor-widget-wrap elementor-element-populated\">\n\t\t\t\t\t\t<div class=\"elementor-element elementor-element-71fbc42b elementor-widget elementor-widget-heading\" data-id=\"71fbc42b\" data-element_type=\"widget\" data-widget_type=\"heading.default\">\n\t\t\t\t<div class=\"elementor-widget-container\">\n\t\t\t\t\t<h2 class=\"elementor-heading-title elementor-size-default\">Online winkel<\/h2>\t\t\t\t<\/div>\n\t\t\t\t<\/div>\n\t\t\t\t<div class=\"elementor-element elementor-element-7a64a42f elementor-widget elementor-widget-spacer\" data-id=\"7a64a42f\" data-element_type=\"widget\" data-widget_type=\"spacer.default\">\n\t\t\t\t<div class=\"elementor-widget-container\">\n\t\t\t\t\t\t\t<div class=\"elementor-spacer\">\n\t\t\t<div class=\"elementor-spacer-inner\"><\/div>\n\t\t<\/div>\n\t\t\t\t\t\t<\/div>\n\t\t\t\t<\/div>\n\t\t\t\t<div class=\"elementor-element elementor-element-62d450c0 elementor-widget elementor-widget-heading\" data-id=\"62d450c0\" data-element_type=\"widget\" data-widget_type=\"heading.default\">\n\t\t\t\t<div class=\"elementor-widget-container\">\n\t\t\t\t\t<h2 class=\"elementor-heading-title elementor-size-default\">Koop in onze e-shop !<\/h2>\t\t\t\t<\/div>\n\t\t\t\t<\/div>\n\t\t\t\t<div class=\"elementor-element elementor-element-312679a3 elementor-widget elementor-widget-text-editor\" data-id=\"312679a3\" data-element_type=\"widget\" data-widget_type=\"text-editor.default\">\n\t\t\t\t<div class=\"elementor-widget-container\">\n\t\t\t\t\t\t\t\t\t<p>Laat onze producten rechtstreeks aan u leveren.&nbsp;<span style=\"color: inherit; font-family: inherit; font-size: inherit; font-weight: var( --e-global-typography-text-font-weight );\">Veilige aankoop en snelle levering.<\/span><\/p>\t\t\t\t\t\t\t\t<\/div>\n\t\t\t\t<\/div>\n\t\t\t\t<div class=\"elementor-element elementor-element-2fb8148a elementor-align-center elementor-widget elementor-widget-button\" data-id=\"2fb8148a\" data-element_type=\"widget\" data-widget_type=\"button.default\">\n\t\t\t\t<div class=\"elementor-widget-container\">\n\t\t\t\t\t\t\t\t\t<div class=\"elementor-button-wrapper\">\n\t\t\t\t\t<a class=\"elementor-button elementor-button-link elementor-size-sm\" href=\"https:\/\/www.lumina-mundi.com\/nl\/boutique\/\">\n\t\t\t\t\t\t<span class=\"elementor-button-content-wrapper\">\n\t\t\t\t\t\t\t\t\t<span class=\"elementor-button-text\">Kliek hier<\/span>\n\t\t\t\t\t<\/span>\n\t\t\t\t\t<\/a>\n\t\t\t\t<\/div>\n\t\t\t\t\t\t\t\t<\/div>\n\t\t\t\t<\/div>\n\t\t\t\t\t<\/div>\n\t\t<\/div>\n\t\t\t\t\t<\/div>\n\t\t<\/section>\n\t\t\t\t<\/div>","protected":false},"excerpt":{"rendered":"<p>Nos certifications Nous travaillons avec un laboratoire belge, Copa\u00efba, qui a m\u00e9ticuleusement inspect\u00e9 nos recettes afin de nous procurer la validation de mise sur le&#8230;<\/p>","protected":false},"author":1,"featured_media":0,"parent":0,"menu_order":0,"comment_status":"closed","ping_status":"closed","template":"","meta":{"footnotes":""},"class_list":["post-2581","page","type-page","status-publish","hentry"],"yoast_head":"<!-- This site is optimized with the Yoast SEO plugin v26.7 - https:\/\/yoast.com\/wordpress\/plugins\/seo\/ -->\n<title>Nos certifications &#8902; LUMINA MUNDI<\/title>\n<meta name=\"description\" content=\"Les produits Lumina Mundi sont \u00e9labor\u00e9s en laboratoire et respectent toutes les normes europ\u00e9ennes en vigueur.\" \/>\n<meta name=\"robots\" content=\"index, follow, max-snippet:-1, max-image-preview:large, max-video-preview:-1\" \/>\n<link rel=\"canonical\" href=\"https:\/\/www.lumina-mundi.com\/nl\/nos-certifications\/\" \/>\n<meta property=\"og:locale\" content=\"nl_BE\" \/>\n<meta property=\"og:type\" content=\"article\" \/>\n<meta property=\"og:title\" content=\"Nos certifications &#8902; LUMINA MUNDI\" \/>\n<meta property=\"og:description\" content=\"Les produits Lumina Mundi sont \u00e9labor\u00e9s en laboratoire et respectent toutes les normes europ\u00e9ennes en vigueur.\" \/>\n<meta property=\"og:url\" content=\"https:\/\/www.lumina-mundi.com\/nl\/nos-certifications\/\" \/>\n<meta property=\"og:site_name\" content=\"LUMINA MUNDI\" \/>\n<meta property=\"article:modified_time\" content=\"2022-06-14T18:11:22+00:00\" \/>\n<meta name=\"twitter:card\" content=\"summary_large_image\" \/>\n<meta name=\"twitter:label1\" content=\"Geschatte leestijd\" \/>\n\t<meta name=\"twitter:data1\" content=\"1 minuut\" \/>\n<script type=\"application\/ld+json\" class=\"yoast-schema-graph\">{\"@context\":\"https:\/\/schema.org\",\"@graph\":[{\"@type\":\"WebPage\",\"@id\":\"https:\/\/www.lumina-mundi.com\/nos-certifications\/\",\"url\":\"https:\/\/www.lumina-mundi.com\/nos-certifications\/\",\"name\":\"Nos certifications &#8902; LUMINA MUNDI\",\"isPartOf\":{\"@id\":\"https:\/\/www.lumina-mundi.com\/#website\"},\"datePublished\":\"2022-06-13T10:29:59+00:00\",\"dateModified\":\"2022-06-14T18:11:22+00:00\",\"description\":\"Les produits Lumina Mundi sont \u00e9labor\u00e9s en laboratoire et respectent toutes les normes europ\u00e9ennes en vigueur.\",\"breadcrumb\":{\"@id\":\"https:\/\/www.lumina-mundi.com\/nos-certifications\/#breadcrumb\"},\"inLanguage\":\"nl-BE\",\"potentialAction\":[{\"@type\":\"ReadAction\",\"target\":[\"https:\/\/www.lumina-mundi.com\/nos-certifications\/\"]}]},{\"@type\":\"BreadcrumbList\",\"@id\":\"https:\/\/www.lumina-mundi.com\/nos-certifications\/#breadcrumb\",\"itemListElement\":[{\"@type\":\"ListItem\",\"position\":1,\"name\":\"Accueil\",\"item\":\"https:\/\/www.lumina-mundi.com\/\"},{\"@type\":\"ListItem\",\"position\":2,\"name\":\"Nos certifications\"}]},{\"@type\":\"WebSite\",\"@id\":\"https:\/\/www.lumina-mundi.com\/#website\",\"url\":\"https:\/\/www.lumina-mundi.com\/\",\"name\":\"LUMINA MUNDI\",\"description\":\"Le pouvoir de la nature pour les humains\",\"publisher\":{\"@id\":\"https:\/\/www.lumina-mundi.com\/#organization\"},\"potentialAction\":[{\"@type\":\"SearchAction\",\"target\":{\"@type\":\"EntryPoint\",\"urlTemplate\":\"https:\/\/www.lumina-mundi.com\/?s={search_term_string}\"},\"query-input\":{\"@type\":\"PropertyValueSpecification\",\"valueRequired\":true,\"valueName\":\"search_term_string\"}}],\"inLanguage\":\"nl-BE\"},{\"@type\":\"Organization\",\"@id\":\"https:\/\/www.lumina-mundi.com\/#organization\",\"name\":\"LUMINA MUNDI\",\"url\":\"https:\/\/www.lumina-mundi.com\/\",\"logo\":{\"@type\":\"ImageObject\",\"inLanguage\":\"nl-BE\",\"@id\":\"https:\/\/www.lumina-mundi.com\/#\/schema\/logo\/image\/\",\"url\":\"https:\/\/i0.wp.com\/www.lumina-mundi.com\/wp-content\/uploads\/2022\/04\/Lumina-Mundi-Logo.png?fit=3392%2C846&ssl=1\",\"contentUrl\":\"https:\/\/i0.wp.com\/www.lumina-mundi.com\/wp-content\/uploads\/2022\/04\/Lumina-Mundi-Logo.png?fit=3392%2C846&ssl=1\",\"width\":3392,\"height\":846,\"caption\":\"LUMINA MUNDI\"},\"image\":{\"@id\":\"https:\/\/www.lumina-mundi.com\/#\/schema\/logo\/image\/\"}}]}<\/script>\n<!-- \/ Yoast SEO plugin. -->","yoast_head_json":{"title":"Nos certifications &#8902; LUMINA MUNDI","description":"Les produits Lumina Mundi sont \u00e9labor\u00e9s en laboratoire et respectent toutes les normes europ\u00e9ennes en vigueur.","robots":{"index":"index","follow":"follow","max-snippet":"max-snippet:-1","max-image-preview":"max-image-preview:large","max-video-preview":"max-video-preview:-1"},"canonical":"https:\/\/www.lumina-mundi.com\/nl\/nos-certifications\/","og_locale":"nl_BE","og_type":"article","og_title":"Nos certifications &#8902; LUMINA MUNDI","og_description":"Les produits Lumina Mundi sont \u00e9labor\u00e9s en laboratoire et respectent toutes les normes europ\u00e9ennes en vigueur.","og_url":"https:\/\/www.lumina-mundi.com\/nl\/nos-certifications\/","og_site_name":"LUMINA MUNDI","article_modified_time":"2022-06-14T18:11:22+00:00","twitter_card":"summary_large_image","twitter_misc":{"Geschatte leestijd":"1 minuut"},"schema":{"@context":"https:\/\/schema.org","@graph":[{"@type":"WebPage","@id":"https:\/\/www.lumina-mundi.com\/nos-certifications\/","url":"https:\/\/www.lumina-mundi.com\/nos-certifications\/","name":"Nos certifications &#8902; LUMINA MUNDI","isPartOf":{"@id":"https:\/\/www.lumina-mundi.com\/#website"},"datePublished":"2022-06-13T10:29:59+00:00","dateModified":"2022-06-14T18:11:22+00:00","description":"Les produits Lumina Mundi sont \u00e9labor\u00e9s en laboratoire et respectent toutes les normes europ\u00e9ennes en vigueur.","breadcrumb":{"@id":"https:\/\/www.lumina-mundi.com\/nos-certifications\/#breadcrumb"},"inLanguage":"nl-BE","potentialAction":[{"@type":"ReadAction","target":["https:\/\/www.lumina-mundi.com\/nos-certifications\/"]}]},{"@type":"BreadcrumbList","@id":"https:\/\/www.lumina-mundi.com\/nos-certifications\/#breadcrumb","itemListElement":[{"@type":"ListItem","position":1,"name":"Accueil","item":"https:\/\/www.lumina-mundi.com\/"},{"@type":"ListItem","position":2,"name":"Nos certifications"}]},{"@type":"WebSite","@id":"https:\/\/www.lumina-mundi.com\/#website","url":"https:\/\/www.lumina-mundi.com\/","name":"LUMINA MUNDI","description":"Le pouvoir de la nature pour les humains","publisher":{"@id":"https:\/\/www.lumina-mundi.com\/#organization"},"potentialAction":[{"@type":"SearchAction","target":{"@type":"EntryPoint","urlTemplate":"https:\/\/www.lumina-mundi.com\/?s={search_term_string}"},"query-input":{"@type":"PropertyValueSpecification","valueRequired":true,"valueName":"search_term_string"}}],"inLanguage":"nl-BE"},{"@type":"Organization","@id":"https:\/\/www.lumina-mundi.com\/#organization","name":"LUMINA MUNDI","url":"https:\/\/www.lumina-mundi.com\/","logo":{"@type":"ImageObject","inLanguage":"nl-BE","@id":"https:\/\/www.lumina-mundi.com\/#\/schema\/logo\/image\/","url":"https:\/\/i0.wp.com\/www.lumina-mundi.com\/wp-content\/uploads\/2022\/04\/Lumina-Mundi-Logo.png?fit=3392%2C846&ssl=1","contentUrl":"https:\/\/i0.wp.com\/www.lumina-mundi.com\/wp-content\/uploads\/2022\/04\/Lumina-Mundi-Logo.png?fit=3392%2C846&ssl=1","width":3392,"height":846,"caption":"LUMINA MUNDI"},"image":{"@id":"https:\/\/www.lumina-mundi.com\/#\/schema\/logo\/image\/"}}]}},"_links":{"self":[{"href":"https:\/\/www.lumina-mundi.com\/nl\/wp-json\/wp\/v2\/pages\/2581","targetHints":{"allow":["GET"]}}],"collection":[{"href":"https:\/\/www.lumina-mundi.com\/nl\/wp-json\/wp\/v2\/pages"}],"about":[{"href":"https:\/\/www.lumina-mundi.com\/nl\/wp-json\/wp\/v2\/types\/page"}],"author":[{"embeddable":true,"href":"https:\/\/www.lumina-mundi.com\/nl\/wp-json\/wp\/v2\/users\/1"}],"replies":[{"embeddable":true,"href":"https:\/\/www.lumina-mundi.com\/nl\/wp-json\/wp\/v2\/comments?post=2581"}],"version-history":[{"count":6,"href":"https:\/\/www.lumina-mundi.com\/nl\/wp-json\/wp\/v2\/pages\/2581\/revisions"}],"predecessor-version":[{"id":2961,"href":"https:\/\/www.lumina-mundi.com\/nl\/wp-json\/wp\/v2\/pages\/2581\/revisions\/2961"}],"wp:attachment":[{"href":"https:\/\/www.lumina-mundi.com\/nl\/wp-json\/wp\/v2\/media?parent=2581"}],"curies":[{"name":"wp","href":"https:\/\/api.w.org\/{rel}","templated":true}]}}