{"id":3568,"date":"2025-10-28T18:34:15","date_gmt":"2025-10-28T17:34:15","guid":{"rendered":"https:\/\/www.lumina-mundi.com\/?post_type=product&#038;p=3568"},"modified":"2025-10-28T18:36:22","modified_gmt":"2025-10-28T17:36:22","slug":"essentia-dulcis","status":"publish","type":"product","link":"https:\/\/www.lumina-mundi.com\/nl\/product\/essentia-dulcis\/","title":{"rendered":"Essentia Dulcis"},"content":{"rendered":"<p>Essentia Dulcis est une synergie olfactive con\u00e7ue pour favoriser la d\u00e9tente et r\u00e9duire les tensions nerveuses.<br \/>\nElle associe des huiles essentielles de vanille, cannelle, benjoin et une base douce d\u2019huiles v\u00e9g\u00e9tales, reconnues pour leur action calmante sur le syst\u00e8me limbique.<br \/>\nLeur combinaison procure une sensation de confort imm\u00e9diate et aide \u00e0 r\u00e9guler le stress et l\u2019agitation mentale.<br \/>\nFormul\u00e9e \u00e0 partir d\u2019ingr\u00e9dients naturels et contr\u00f4l\u00e9s, cette synergie ne contient ni colorant ni parfum artificiel.<\/p>\n<p>Utilisation :<br \/>\nD\u00e9poser une goutte sur un support d\u2019argile ou un galet olfactif, puis inspirer lentement.<br \/>\nPeut aussi \u00eatre utilis\u00e9e avant le coucher ou pendant une p\u00e9riode de relaxation.<\/p>\n<p>Format : 10 ml \u2013 Flacon en verre ambr\u00e9 avec compte-gouttes.<\/p>","protected":false},"excerpt":{"rendered":"<p>Synergie olfactive apaisante \u00e0 base de vanille, cannelle et benjoin.<br \/>\nAide \u00e0 diminuer le stress et favorise la d\u00e9tente et la qualit\u00e9 du sommeil.<\/p>","protected":false},"featured_media":3570,"comment_status":"open","ping_status":"closed","template":"","meta":[],"etheme_brands":[],"product_brand":[],"product_cat":[50],"product_tag":[],"class_list":{"0":"post-3568","1":"product","2":"type-product","3":"status-publish","4":"has-post-thumbnail","6":"product_cat-essentia","8":"first","9":"instock","10":"taxable","11":"shipping-taxable","12":"purchasable","13":"product-type-simple"},"supplier_id":null,"supplier_sku":"","barcode":null,"atum_controlled":true,"out_stock_date":null,"out_stock_threshold":null,"inheritable":false,"inbound_stock":null,"stock_on_hold":0,"sold_today":0,"sales_last_days":0,"reserved_stock":null,"customer_returns":null,"warehouse_damage":null,"lost_in_post":null,"other_logs":null,"out_stock_days":0,"lost_sales":0,"has_location":false,"update_date":"2026-02-15T00:03:45","atum_locations":[],"atum_stock_status":"instock","restock_status":false,"low_stock_amount":"","sales_update_date":"2026-02-15T00:03:45","calc_backorders":null,"yoast_head":"<!-- This site is optimized with the Yoast SEO plugin v26.7 - https:\/\/yoast.com\/wordpress\/plugins\/seo\/ -->\n<title>Essentia Dulcis &#8902; LUMINA MUNDI<\/title>\n<meta name=\"description\" content=\"Essentia Dulcis favorise la d\u00e9tente et le rel\u00e2chement nerveux.Synergie olfactive naturelle \u00e0 base de vanille, cannelle et benjoin, reconnue pour ses effets apaisants sur le syst\u00e8me nerveux.\" \/>\n<meta name=\"robots\" content=\"index, follow, max-snippet:-1, max-image-preview:large, max-video-preview:-1\" \/>\n<link rel=\"canonical\" href=\"https:\/\/www.lumina-mundi.com\/nl\/product\/essentia-dulcis\/\" \/>\n<meta property=\"og:locale\" content=\"nl_BE\" \/>\n<meta property=\"og:type\" content=\"article\" \/>\n<meta property=\"og:title\" content=\"Essentia Dulcis &#8902; LUMINA MUNDI\" \/>\n<meta property=\"og:description\" content=\"Essentia Dulcis favorise la d\u00e9tente et le rel\u00e2chement nerveux.Synergie olfactive naturelle \u00e0 base de vanille, cannelle et benjoin, reconnue pour ses effets apaisants sur le syst\u00e8me nerveux.\" \/>\n<meta property=\"og:url\" content=\"https:\/\/www.lumina-mundi.com\/nl\/product\/essentia-dulcis\/\" \/>\n<meta property=\"og:site_name\" content=\"LUMINA MUNDI\" \/>\n<meta property=\"article:modified_time\" content=\"2025-10-28T17:36:22+00:00\" \/>\n<meta property=\"og:image\" content=\"https:\/\/www.lumina-mundi.com\/wp-content\/uploads\/2025\/10\/IMG20251028124033.jpg\" \/>\n\t<meta property=\"og:image:width\" content=\"1800\" \/>\n\t<meta property=\"og:image:height\" content=\"2372\" \/>\n\t<meta property=\"og:image:type\" content=\"image\/jpeg\" \/>\n<meta name=\"twitter:card\" content=\"summary_large_image\" \/>\n<meta name=\"twitter:label1\" content=\"Geschatte leestijd\" \/>\n\t<meta name=\"twitter:data1\" content=\"1 minuut\" \/>\n<script type=\"application\/ld+json\" class=\"yoast-schema-graph\">{\"@context\":\"https:\/\/schema.org\",\"@graph\":[{\"@type\":\"WebPage\",\"@id\":\"https:\/\/www.lumina-mundi.com\/produit\/essentia-dulcis\/\",\"url\":\"https:\/\/www.lumina-mundi.com\/produit\/essentia-dulcis\/\",\"name\":\"Essentia Dulcis &#8902; LUMINA MUNDI\",\"isPartOf\":{\"@id\":\"https:\/\/www.lumina-mundi.com\/#website\"},\"primaryImageOfPage\":{\"@id\":\"https:\/\/www.lumina-mundi.com\/produit\/essentia-dulcis\/#primaryimage\"},\"image\":{\"@id\":\"https:\/\/www.lumina-mundi.com\/produit\/essentia-dulcis\/#primaryimage\"},\"thumbnailUrl\":\"https:\/\/www.lumina-mundi.com\/wp-content\/uploads\/2025\/10\/IMG20251028124033.jpg\",\"datePublished\":\"2025-10-28T17:34:15+00:00\",\"dateModified\":\"2025-10-28T17:36:22+00:00\",\"description\":\"Essentia Dulcis favorise la d\u00e9tente et le rel\u00e2chement nerveux.Synergie olfactive naturelle \u00e0 base de vanille, cannelle et benjoin, reconnue pour ses effets apaisants sur le syst\u00e8me nerveux.\",\"breadcrumb\":{\"@id\":\"https:\/\/www.lumina-mundi.com\/produit\/essentia-dulcis\/#breadcrumb\"},\"inLanguage\":\"nl-BE\",\"potentialAction\":[{\"@type\":\"ReadAction\",\"target\":[\"https:\/\/www.lumina-mundi.com\/produit\/essentia-dulcis\/\"]}]},{\"@type\":\"ImageObject\",\"inLanguage\":\"nl-BE\",\"@id\":\"https:\/\/www.lumina-mundi.com\/produit\/essentia-dulcis\/#primaryimage\",\"url\":\"https:\/\/www.lumina-mundi.com\/wp-content\/uploads\/2025\/10\/IMG20251028124033.jpg\",\"contentUrl\":\"https:\/\/www.lumina-mundi.com\/wp-content\/uploads\/2025\/10\/IMG20251028124033.jpg\",\"width\":1800,\"height\":2372},{\"@type\":\"BreadcrumbList\",\"@id\":\"https:\/\/www.lumina-mundi.com\/produit\/essentia-dulcis\/#breadcrumb\",\"itemListElement\":[{\"@type\":\"ListItem\",\"position\":1,\"name\":\"Accueil\",\"item\":\"https:\/\/www.lumina-mundi.com\/\"},{\"@type\":\"ListItem\",\"position\":2,\"name\":\"E-shop\",\"item\":\"https:\/\/www.lumina-mundi.com\/notre-boutique\/\"},{\"@type\":\"ListItem\",\"position\":3,\"name\":\"Essentia Dulcis\"}]},{\"@type\":\"WebSite\",\"@id\":\"https:\/\/www.lumina-mundi.com\/#website\",\"url\":\"https:\/\/www.lumina-mundi.com\/\",\"name\":\"LUMINA MUNDI\",\"description\":\"Le pouvoir de la nature pour les humains\",\"publisher\":{\"@id\":\"https:\/\/www.lumina-mundi.com\/#organization\"},\"potentialAction\":[{\"@type\":\"SearchAction\",\"target\":{\"@type\":\"EntryPoint\",\"urlTemplate\":\"https:\/\/www.lumina-mundi.com\/?s={search_term_string}\"},\"query-input\":{\"@type\":\"PropertyValueSpecification\",\"valueRequired\":true,\"valueName\":\"search_term_string\"}}],\"inLanguage\":\"nl-BE\"},{\"@type\":\"Organization\",\"@id\":\"https:\/\/www.lumina-mundi.com\/#organization\",\"name\":\"LUMINA MUNDI\",\"url\":\"https:\/\/www.lumina-mundi.com\/\",\"logo\":{\"@type\":\"ImageObject\",\"inLanguage\":\"nl-BE\",\"@id\":\"https:\/\/www.lumina-mundi.com\/#\/schema\/logo\/image\/\",\"url\":\"https:\/\/i0.wp.com\/www.lumina-mundi.com\/wp-content\/uploads\/2022\/04\/Lumina-Mundi-Logo.png?fit=3392%2C846&ssl=1\",\"contentUrl\":\"https:\/\/i0.wp.com\/www.lumina-mundi.com\/wp-content\/uploads\/2022\/04\/Lumina-Mundi-Logo.png?fit=3392%2C846&ssl=1\",\"width\":3392,\"height\":846,\"caption\":\"LUMINA MUNDI\"},\"image\":{\"@id\":\"https:\/\/www.lumina-mundi.com\/#\/schema\/logo\/image\/\"}}]}<\/script>\n<!-- \/ Yoast SEO plugin. -->","yoast_head_json":{"title":"Essentia Dulcis &#8902; LUMINA MUNDI","description":"Essentia Dulcis favorise la d\u00e9tente et le rel\u00e2chement nerveux.Synergie olfactive naturelle \u00e0 base de vanille, cannelle et benjoin, reconnue pour ses effets apaisants sur le syst\u00e8me nerveux.","robots":{"index":"index","follow":"follow","max-snippet":"max-snippet:-1","max-image-preview":"max-image-preview:large","max-video-preview":"max-video-preview:-1"},"canonical":"https:\/\/www.lumina-mundi.com\/nl\/product\/essentia-dulcis\/","og_locale":"nl_BE","og_type":"article","og_title":"Essentia Dulcis &#8902; LUMINA MUNDI","og_description":"Essentia Dulcis favorise la d\u00e9tente et le rel\u00e2chement nerveux.Synergie olfactive naturelle \u00e0 base de vanille, cannelle et benjoin, reconnue pour ses effets apaisants sur le syst\u00e8me nerveux.","og_url":"https:\/\/www.lumina-mundi.com\/nl\/product\/essentia-dulcis\/","og_site_name":"LUMINA MUNDI","article_modified_time":"2025-10-28T17:36:22+00:00","og_image":[{"width":1800,"height":2372,"url":"https:\/\/www.lumina-mundi.com\/wp-content\/uploads\/2025\/10\/IMG20251028124033.jpg","type":"image\/jpeg"}],"twitter_card":"summary_large_image","twitter_misc":{"Geschatte leestijd":"1 minuut"},"schema":{"@context":"https:\/\/schema.org","@graph":[{"@type":"WebPage","@id":"https:\/\/www.lumina-mundi.com\/produit\/essentia-dulcis\/","url":"https:\/\/www.lumina-mundi.com\/produit\/essentia-dulcis\/","name":"Essentia Dulcis &#8902; LUMINA MUNDI","isPartOf":{"@id":"https:\/\/www.lumina-mundi.com\/#website"},"primaryImageOfPage":{"@id":"https:\/\/www.lumina-mundi.com\/produit\/essentia-dulcis\/#primaryimage"},"image":{"@id":"https:\/\/www.lumina-mundi.com\/produit\/essentia-dulcis\/#primaryimage"},"thumbnailUrl":"https:\/\/www.lumina-mundi.com\/wp-content\/uploads\/2025\/10\/IMG20251028124033.jpg","datePublished":"2025-10-28T17:34:15+00:00","dateModified":"2025-10-28T17:36:22+00:00","description":"Essentia Dulcis favorise la d\u00e9tente et le rel\u00e2chement nerveux.Synergie olfactive naturelle \u00e0 base de vanille, cannelle et benjoin, reconnue pour ses effets apaisants sur le syst\u00e8me nerveux.","breadcrumb":{"@id":"https:\/\/www.lumina-mundi.com\/produit\/essentia-dulcis\/#breadcrumb"},"inLanguage":"nl-BE","potentialAction":[{"@type":"ReadAction","target":["https:\/\/www.lumina-mundi.com\/produit\/essentia-dulcis\/"]}]},{"@type":"ImageObject","inLanguage":"nl-BE","@id":"https:\/\/www.lumina-mundi.com\/produit\/essentia-dulcis\/#primaryimage","url":"https:\/\/www.lumina-mundi.com\/wp-content\/uploads\/2025\/10\/IMG20251028124033.jpg","contentUrl":"https:\/\/www.lumina-mundi.com\/wp-content\/uploads\/2025\/10\/IMG20251028124033.jpg","width":1800,"height":2372},{"@type":"BreadcrumbList","@id":"https:\/\/www.lumina-mundi.com\/produit\/essentia-dulcis\/#breadcrumb","itemListElement":[{"@type":"ListItem","position":1,"name":"Accueil","item":"https:\/\/www.lumina-mundi.com\/"},{"@type":"ListItem","position":2,"name":"E-shop","item":"https:\/\/www.lumina-mundi.com\/notre-boutique\/"},{"@type":"ListItem","position":3,"name":"Essentia Dulcis"}]},{"@type":"WebSite","@id":"https:\/\/www.lumina-mundi.com\/#website","url":"https:\/\/www.lumina-mundi.com\/","name":"LUMINA MUNDI","description":"Le pouvoir de la nature pour les humains","publisher":{"@id":"https:\/\/www.lumina-mundi.com\/#organization"},"potentialAction":[{"@type":"SearchAction","target":{"@type":"EntryPoint","urlTemplate":"https:\/\/www.lumina-mundi.com\/?s={search_term_string}"},"query-input":{"@type":"PropertyValueSpecification","valueRequired":true,"valueName":"search_term_string"}}],"inLanguage":"nl-BE"},{"@type":"Organization","@id":"https:\/\/www.lumina-mundi.com\/#organization","name":"LUMINA MUNDI","url":"https:\/\/www.lumina-mundi.com\/","logo":{"@type":"ImageObject","inLanguage":"nl-BE","@id":"https:\/\/www.lumina-mundi.com\/#\/schema\/logo\/image\/","url":"https:\/\/i0.wp.com\/www.lumina-mundi.com\/wp-content\/uploads\/2022\/04\/Lumina-Mundi-Logo.png?fit=3392%2C846&ssl=1","contentUrl":"https:\/\/i0.wp.com\/www.lumina-mundi.com\/wp-content\/uploads\/2022\/04\/Lumina-Mundi-Logo.png?fit=3392%2C846&ssl=1","width":3392,"height":846,"caption":"LUMINA MUNDI"},"image":{"@id":"https:\/\/www.lumina-mundi.com\/#\/schema\/logo\/image\/"}}]}},"_links":{"self":[{"href":"https:\/\/www.lumina-mundi.com\/nl\/wp-json\/wp\/v2\/product\/3568","targetHints":{"allow":["GET"]}}],"collection":[{"href":"https:\/\/www.lumina-mundi.com\/nl\/wp-json\/wp\/v2\/product"}],"about":[{"href":"https:\/\/www.lumina-mundi.com\/nl\/wp-json\/wp\/v2\/types\/product"}],"replies":[{"embeddable":true,"href":"https:\/\/www.lumina-mundi.com\/nl\/wp-json\/wp\/v2\/comments?post=3568"}],"version-history":[{"count":2,"href":"https:\/\/www.lumina-mundi.com\/nl\/wp-json\/wp\/v2\/product\/3568\/revisions"}],"predecessor-version":[{"id":3571,"href":"https:\/\/www.lumina-mundi.com\/nl\/wp-json\/wp\/v2\/product\/3568\/revisions\/3571"}],"wp:featuredmedia":[{"embeddable":true,"href":"https:\/\/www.lumina-mundi.com\/nl\/wp-json\/wp\/v2\/media\/3570"}],"wp:attachment":[{"href":"https:\/\/www.lumina-mundi.com\/nl\/wp-json\/wp\/v2\/media?parent=3568"}],"wp:term":[{"taxonomy":"brand","embeddable":true,"href":"https:\/\/www.lumina-mundi.com\/nl\/wp-json\/wp\/v2\/etheme_brands?post=3568"},{"taxonomy":"product_brand","embeddable":true,"href":"https:\/\/www.lumina-mundi.com\/nl\/wp-json\/wp\/v2\/product_brand?post=3568"},{"taxonomy":"product_cat","embeddable":true,"href":"https:\/\/www.lumina-mundi.com\/nl\/wp-json\/wp\/v2\/product_cat?post=3568"},{"taxonomy":"product_tag","embeddable":true,"href":"https:\/\/www.lumina-mundi.com\/nl\/wp-json\/wp\/v2\/product_tag?post=3568"}],"curies":[{"name":"wp","href":"https:\/\/api.w.org\/{rel}","templated":true}]}}