{"id":3618,"date":"2026-04-27T18:13:27","date_gmt":"2026-04-27T16:13:27","guid":{"rendered":"https:\/\/www.lumina-mundi.com\/?post_type=product&#038;p=3618"},"modified":"2026-04-27T18:13:28","modified_gmt":"2026-04-27T16:13:28","slug":"essentia-sedatus","status":"publish","type":"product","link":"https:\/\/www.lumina-mundi.com\/nl\/product\/essentia-sedatus\/","title":{"rendered":"Essentia Sedatus"},"content":{"rendered":"<p data-start=\"701\" data-end=\"871\">Il y a ces moments o\u00f9 tout s\u2019acc\u00e9l\u00e8re.<br data-start=\"739\" data-end=\"742\" \/>Le c\u0153ur, les pens\u00e9es, la respiration\u2026<br data-start=\"781\" data-end=\"784\" \/>Une pression qui monte, parfois sans raison apparente, parfois impossible \u00e0 contenir.<\/p>\n<p data-start=\"878\" data-end=\"922\"><strong data-start=\"878\" data-end=\"922\">Sedatus a \u00e9t\u00e9 cr\u00e9\u00e9e pour ces moments-l\u00e0.<\/strong><\/p>\n<p data-start=\"929\" data-end=\"1084\">Une synergie olfactive pens\u00e9e pour accompagner les \u00e9tats d\u2019angoisse, aider \u00e0 ralentir le syst\u00e8me nerveux et retrouver une sensation de s\u00e9curit\u00e9 int\u00e9rieure.<\/p>\n<p data-start=\"1091\" data-end=\"1192\">D\u00e8s les premi\u00e8res inspirations, le rythme change.<br data-start=\"1140\" data-end=\"1143\" \/>La respiration s\u2019ouvre.<br data-start=\"1168\" data-end=\"1171\" \/>Le mental ralentit.<\/p>\n<p data-start=\"1199\" data-end=\"1325\">L\u2019olfaction agit directement sur le syst\u00e8me limbique, zone impliqu\u00e9e dans la gestion des \u00e9motions et des r\u00e9ponses de stress.<\/p>\n<p data-start=\"1332\" data-end=\"1450\">Sedatus vient soutenir ce m\u00e9canisme naturel en apportant des signaux olfactifs apaisants, structurants et s\u00e9curisants.<\/p>\n<p data-start=\"1457\" data-end=\"1482\">Elle peut \u00eatre utilis\u00e9e :<\/p>\n<ul data-start=\"1485\" data-end=\"1664\">\n<li data-section-id=\"xrq82i\" data-start=\"1485\" data-end=\"1515\">lors de mont\u00e9es d\u2019angoisse<\/li>\n<li data-section-id=\"76td5x\" data-start=\"1518\" data-end=\"1563\">en pr\u00e9vention dans les p\u00e9riodes de stress<\/li>\n<li data-section-id=\"zc16h1\" data-start=\"1566\" data-end=\"1601\">avant des situations anxiog\u00e8nes<\/li>\n<li data-section-id=\"1cxc5ys\" data-start=\"1604\" data-end=\"1660\">pour retrouver un \u00e9tat de calme int\u00e9rieur rapidement<\/li>\n<\/ul>\n<p data-start=\"1667\" data-end=\"1766\"><strong data-start=\"1667\" data-end=\"1766\">Un point de retour.<br data-start=\"1688\" data-end=\"1691\" \/>Un espace o\u00f9 le corps rel\u00e2che.<br data-start=\"1723\" data-end=\"1726\" \/>Une sensation de s\u00e9curit\u00e9 retrouv\u00e9e.<\/strong><\/p>\n<ul>\n<li data-section-id=\"1kdglak\" data-start=\"1803\" data-end=\"1836\">Apaise les mont\u00e9es d\u2019angoisse<\/li>\n<li data-section-id=\"6cudws\" data-start=\"1837\" data-end=\"1866\">Aide \u00e0 ralentir le mental<\/li>\n<li data-section-id=\"ceqq6j\" data-start=\"1867\" data-end=\"1898\">Favorise le retour au calme<\/li>\n<li data-section-id=\"1cit9ks\" data-start=\"1899\" data-end=\"1926\">Soutient la respiration<\/li>\n<li data-section-id=\"1ab5mcg\" data-start=\"1927\" data-end=\"1975\">Apporte une sensation de s\u00e9curit\u00e9 int\u00e9rieure<\/li>\n<\/ul>\n<p data-start=\"2005\" data-end=\"2024\"><strong data-start=\"2005\" data-end=\"2022\">Utilisation :<\/strong><\/p>\n<p data-start=\"2031\" data-end=\"2099\">D\u00e8s les premiers signes de tension ou lors d\u2019une mont\u00e9e d\u2019angoisse :<\/p>\n<ul data-start=\"2106\" data-end=\"2213\">\n<li data-section-id=\"cyiz2d\" data-start=\"2106\" data-end=\"2144\">En olfaction directe (prioritaire)<\/li>\n<li data-section-id=\"zyw1o0\" data-start=\"2147\" data-end=\"2184\">Sur un support (galet, mouchoir\u2026)<\/li>\n<\/ul>\n<p data-start=\"2216\" data-end=\"2297\">Prendre plusieurs inspirations lentes et profondes.<br data-start=\"2267\" data-end=\"2270\" \/>Revenir \u00e0 la respiration.<\/p>","protected":false},"excerpt":{"rendered":"<p data-start=\"369\" data-end=\"501\">Une synergie olfactive con\u00e7ue pour apaiser les mont\u00e9es d\u2019angoisse, ralentir le mental et retrouver un \u00e9tat de s\u00e9curit\u00e9 int\u00e9rieure.<\/p>\n<p data-start=\"508\" data-end=\"593\">Sedatus accompagne les moments de tension intense comme les phases de stress profond.<\/p>","protected":false},"featured_media":3619,"comment_status":"open","ping_status":"closed","template":"","meta":[],"etheme_brands":[],"product_brand":[],"product_cat":[50],"product_tag":[],"class_list":{"0":"post-3618","1":"product","2":"type-product","3":"status-publish","4":"has-post-thumbnail","6":"product_cat-essentia","8":"first","9":"instock","10":"taxable","11":"shipping-taxable","12":"purchasable","13":"product-type-simple"},"supplier_id":null,"supplier_sku":"","barcode":null,"atum_controlled":true,"out_stock_date":null,"out_stock_threshold":null,"inheritable":false,"inbound_stock":null,"stock_on_hold":null,"sold_today":null,"sales_last_days":null,"reserved_stock":null,"customer_returns":null,"warehouse_damage":null,"lost_in_post":null,"other_logs":null,"out_stock_days":null,"lost_sales":null,"has_location":false,"update_date":"2026-04-27T16:13:29","atum_locations":[],"atum_stock_status":"instock","restock_status":false,"low_stock_amount":"","sales_update_date":null,"calc_backorders":null,"yoast_head":"<!-- This site is optimized with the Yoast SEO plugin v26.7 - https:\/\/yoast.com\/wordpress\/plugins\/seo\/ -->\n<title>Essentia Sedatus &#8902; LUMINA MUNDI<\/title>\n<meta name=\"description\" content=\"Synergie olfactive naturelle pour apaiser les mont\u00e9es d\u2019angoisse, calmer le mental et retrouver rapidement un \u00e9tat de s\u00e9r\u00e9nit\u00e9.\" \/>\n<meta name=\"robots\" content=\"index, follow, max-snippet:-1, max-image-preview:large, max-video-preview:-1\" \/>\n<link rel=\"canonical\" href=\"https:\/\/www.lumina-mundi.com\/nl\/product\/essentia-sedatus\/\" \/>\n<meta property=\"og:locale\" content=\"nl_BE\" \/>\n<meta property=\"og:type\" content=\"article\" \/>\n<meta property=\"og:title\" content=\"Essentia Sedatus &#8902; LUMINA MUNDI\" \/>\n<meta property=\"og:description\" content=\"Synergie olfactive naturelle pour apaiser les mont\u00e9es d\u2019angoisse, calmer le mental et retrouver rapidement un \u00e9tat de s\u00e9r\u00e9nit\u00e9.\" \/>\n<meta property=\"og:url\" content=\"https:\/\/www.lumina-mundi.com\/nl\/product\/essentia-sedatus\/\" \/>\n<meta property=\"og:site_name\" content=\"LUMINA MUNDI\" \/>\n<meta property=\"article:modified_time\" content=\"2026-04-27T16:13:28+00:00\" \/>\n<meta property=\"og:image\" content=\"https:\/\/www.lumina-mundi.com\/wp-content\/uploads\/2026\/04\/sedatus.jpeg\" \/>\n\t<meta property=\"og:image:width\" content=\"1203\" \/>\n\t<meta property=\"og:image:height\" content=\"1600\" \/>\n\t<meta property=\"og:image:type\" content=\"image\/jpeg\" \/>\n<meta name=\"twitter:card\" content=\"summary_large_image\" \/>\n<meta name=\"twitter:label1\" content=\"Geschatte leestijd\" \/>\n\t<meta name=\"twitter:data1\" content=\"1 minuut\" \/>\n<script type=\"application\/ld+json\" class=\"yoast-schema-graph\">{\"@context\":\"https:\/\/schema.org\",\"@graph\":[{\"@type\":\"WebPage\",\"@id\":\"https:\/\/www.lumina-mundi.com\/produit\/essentia-sedatus\/\",\"url\":\"https:\/\/www.lumina-mundi.com\/produit\/essentia-sedatus\/\",\"name\":\"Essentia Sedatus &#8902; LUMINA MUNDI\",\"isPartOf\":{\"@id\":\"https:\/\/www.lumina-mundi.com\/#website\"},\"primaryImageOfPage\":{\"@id\":\"https:\/\/www.lumina-mundi.com\/produit\/essentia-sedatus\/#primaryimage\"},\"image\":{\"@id\":\"https:\/\/www.lumina-mundi.com\/produit\/essentia-sedatus\/#primaryimage\"},\"thumbnailUrl\":\"https:\/\/www.lumina-mundi.com\/wp-content\/uploads\/2026\/04\/sedatus.jpeg\",\"datePublished\":\"2026-04-27T16:13:27+00:00\",\"dateModified\":\"2026-04-27T16:13:28+00:00\",\"description\":\"Synergie olfactive naturelle pour apaiser les mont\u00e9es d\u2019angoisse, calmer le mental et retrouver rapidement un \u00e9tat de s\u00e9r\u00e9nit\u00e9.\",\"breadcrumb\":{\"@id\":\"https:\/\/www.lumina-mundi.com\/produit\/essentia-sedatus\/#breadcrumb\"},\"inLanguage\":\"nl-BE\",\"potentialAction\":[{\"@type\":\"ReadAction\",\"target\":[\"https:\/\/www.lumina-mundi.com\/produit\/essentia-sedatus\/\"]}]},{\"@type\":\"ImageObject\",\"inLanguage\":\"nl-BE\",\"@id\":\"https:\/\/www.lumina-mundi.com\/produit\/essentia-sedatus\/#primaryimage\",\"url\":\"https:\/\/www.lumina-mundi.com\/wp-content\/uploads\/2026\/04\/sedatus.jpeg\",\"contentUrl\":\"https:\/\/www.lumina-mundi.com\/wp-content\/uploads\/2026\/04\/sedatus.jpeg\",\"width\":1203,\"height\":1600},{\"@type\":\"BreadcrumbList\",\"@id\":\"https:\/\/www.lumina-mundi.com\/produit\/essentia-sedatus\/#breadcrumb\",\"itemListElement\":[{\"@type\":\"ListItem\",\"position\":1,\"name\":\"Accueil\",\"item\":\"https:\/\/www.lumina-mundi.com\/\"},{\"@type\":\"ListItem\",\"position\":2,\"name\":\"E-shop\",\"item\":\"https:\/\/www.lumina-mundi.com\/notre-boutique\/\"},{\"@type\":\"ListItem\",\"position\":3,\"name\":\"Essentia Sedatus\"}]},{\"@type\":\"WebSite\",\"@id\":\"https:\/\/www.lumina-mundi.com\/#website\",\"url\":\"https:\/\/www.lumina-mundi.com\/\",\"name\":\"LUMINA MUNDI\",\"description\":\"Le pouvoir de la nature pour les humains\",\"publisher\":{\"@id\":\"https:\/\/www.lumina-mundi.com\/#organization\"},\"potentialAction\":[{\"@type\":\"SearchAction\",\"target\":{\"@type\":\"EntryPoint\",\"urlTemplate\":\"https:\/\/www.lumina-mundi.com\/?s={search_term_string}\"},\"query-input\":{\"@type\":\"PropertyValueSpecification\",\"valueRequired\":true,\"valueName\":\"search_term_string\"}}],\"inLanguage\":\"nl-BE\"},{\"@type\":\"Organization\",\"@id\":\"https:\/\/www.lumina-mundi.com\/#organization\",\"name\":\"LUMINA MUNDI\",\"url\":\"https:\/\/www.lumina-mundi.com\/\",\"logo\":{\"@type\":\"ImageObject\",\"inLanguage\":\"nl-BE\",\"@id\":\"https:\/\/www.lumina-mundi.com\/#\/schema\/logo\/image\/\",\"url\":\"https:\/\/i0.wp.com\/www.lumina-mundi.com\/wp-content\/uploads\/2022\/04\/Lumina-Mundi-Logo.png?fit=3392%2C846&ssl=1\",\"contentUrl\":\"https:\/\/i0.wp.com\/www.lumina-mundi.com\/wp-content\/uploads\/2022\/04\/Lumina-Mundi-Logo.png?fit=3392%2C846&ssl=1\",\"width\":3392,\"height\":846,\"caption\":\"LUMINA MUNDI\"},\"image\":{\"@id\":\"https:\/\/www.lumina-mundi.com\/#\/schema\/logo\/image\/\"}}]}<\/script>\n<!-- \/ Yoast SEO plugin. -->","yoast_head_json":{"title":"Essentia Sedatus &#8902; LUMINA MUNDI","description":"Synergie olfactive naturelle pour apaiser les mont\u00e9es d\u2019angoisse, calmer le mental et retrouver rapidement un \u00e9tat de s\u00e9r\u00e9nit\u00e9.","robots":{"index":"index","follow":"follow","max-snippet":"max-snippet:-1","max-image-preview":"max-image-preview:large","max-video-preview":"max-video-preview:-1"},"canonical":"https:\/\/www.lumina-mundi.com\/nl\/product\/essentia-sedatus\/","og_locale":"nl_BE","og_type":"article","og_title":"Essentia Sedatus &#8902; LUMINA MUNDI","og_description":"Synergie olfactive naturelle pour apaiser les mont\u00e9es d\u2019angoisse, calmer le mental et retrouver rapidement un \u00e9tat de s\u00e9r\u00e9nit\u00e9.","og_url":"https:\/\/www.lumina-mundi.com\/nl\/product\/essentia-sedatus\/","og_site_name":"LUMINA MUNDI","article_modified_time":"2026-04-27T16:13:28+00:00","og_image":[{"width":1203,"height":1600,"url":"https:\/\/www.lumina-mundi.com\/wp-content\/uploads\/2026\/04\/sedatus.jpeg","type":"image\/jpeg"}],"twitter_card":"summary_large_image","twitter_misc":{"Geschatte leestijd":"1 minuut"},"schema":{"@context":"https:\/\/schema.org","@graph":[{"@type":"WebPage","@id":"https:\/\/www.lumina-mundi.com\/produit\/essentia-sedatus\/","url":"https:\/\/www.lumina-mundi.com\/produit\/essentia-sedatus\/","name":"Essentia Sedatus &#8902; LUMINA MUNDI","isPartOf":{"@id":"https:\/\/www.lumina-mundi.com\/#website"},"primaryImageOfPage":{"@id":"https:\/\/www.lumina-mundi.com\/produit\/essentia-sedatus\/#primaryimage"},"image":{"@id":"https:\/\/www.lumina-mundi.com\/produit\/essentia-sedatus\/#primaryimage"},"thumbnailUrl":"https:\/\/www.lumina-mundi.com\/wp-content\/uploads\/2026\/04\/sedatus.jpeg","datePublished":"2026-04-27T16:13:27+00:00","dateModified":"2026-04-27T16:13:28+00:00","description":"Synergie olfactive naturelle pour apaiser les mont\u00e9es d\u2019angoisse, calmer le mental et retrouver rapidement un \u00e9tat de s\u00e9r\u00e9nit\u00e9.","breadcrumb":{"@id":"https:\/\/www.lumina-mundi.com\/produit\/essentia-sedatus\/#breadcrumb"},"inLanguage":"nl-BE","potentialAction":[{"@type":"ReadAction","target":["https:\/\/www.lumina-mundi.com\/produit\/essentia-sedatus\/"]}]},{"@type":"ImageObject","inLanguage":"nl-BE","@id":"https:\/\/www.lumina-mundi.com\/produit\/essentia-sedatus\/#primaryimage","url":"https:\/\/www.lumina-mundi.com\/wp-content\/uploads\/2026\/04\/sedatus.jpeg","contentUrl":"https:\/\/www.lumina-mundi.com\/wp-content\/uploads\/2026\/04\/sedatus.jpeg","width":1203,"height":1600},{"@type":"BreadcrumbList","@id":"https:\/\/www.lumina-mundi.com\/produit\/essentia-sedatus\/#breadcrumb","itemListElement":[{"@type":"ListItem","position":1,"name":"Accueil","item":"https:\/\/www.lumina-mundi.com\/"},{"@type":"ListItem","position":2,"name":"E-shop","item":"https:\/\/www.lumina-mundi.com\/notre-boutique\/"},{"@type":"ListItem","position":3,"name":"Essentia Sedatus"}]},{"@type":"WebSite","@id":"https:\/\/www.lumina-mundi.com\/#website","url":"https:\/\/www.lumina-mundi.com\/","name":"LUMINA MUNDI","description":"Le pouvoir de la nature pour les humains","publisher":{"@id":"https:\/\/www.lumina-mundi.com\/#organization"},"potentialAction":[{"@type":"SearchAction","target":{"@type":"EntryPoint","urlTemplate":"https:\/\/www.lumina-mundi.com\/?s={search_term_string}"},"query-input":{"@type":"PropertyValueSpecification","valueRequired":true,"valueName":"search_term_string"}}],"inLanguage":"nl-BE"},{"@type":"Organization","@id":"https:\/\/www.lumina-mundi.com\/#organization","name":"LUMINA MUNDI","url":"https:\/\/www.lumina-mundi.com\/","logo":{"@type":"ImageObject","inLanguage":"nl-BE","@id":"https:\/\/www.lumina-mundi.com\/#\/schema\/logo\/image\/","url":"https:\/\/i0.wp.com\/www.lumina-mundi.com\/wp-content\/uploads\/2022\/04\/Lumina-Mundi-Logo.png?fit=3392%2C846&ssl=1","contentUrl":"https:\/\/i0.wp.com\/www.lumina-mundi.com\/wp-content\/uploads\/2022\/04\/Lumina-Mundi-Logo.png?fit=3392%2C846&ssl=1","width":3392,"height":846,"caption":"LUMINA MUNDI"},"image":{"@id":"https:\/\/www.lumina-mundi.com\/#\/schema\/logo\/image\/"}}]}},"_links":{"self":[{"href":"https:\/\/www.lumina-mundi.com\/nl\/wp-json\/wp\/v2\/product\/3618","targetHints":{"allow":["GET"]}}],"collection":[{"href":"https:\/\/www.lumina-mundi.com\/nl\/wp-json\/wp\/v2\/product"}],"about":[{"href":"https:\/\/www.lumina-mundi.com\/nl\/wp-json\/wp\/v2\/types\/product"}],"replies":[{"embeddable":true,"href":"https:\/\/www.lumina-mundi.com\/nl\/wp-json\/wp\/v2\/comments?post=3618"}],"version-history":[{"count":1,"href":"https:\/\/www.lumina-mundi.com\/nl\/wp-json\/wp\/v2\/product\/3618\/revisions"}],"predecessor-version":[{"id":3621,"href":"https:\/\/www.lumina-mundi.com\/nl\/wp-json\/wp\/v2\/product\/3618\/revisions\/3621"}],"wp:featuredmedia":[{"embeddable":true,"href":"https:\/\/www.lumina-mundi.com\/nl\/wp-json\/wp\/v2\/media\/3619"}],"wp:attachment":[{"href":"https:\/\/www.lumina-mundi.com\/nl\/wp-json\/wp\/v2\/media?parent=3618"}],"wp:term":[{"taxonomy":"brand","embeddable":true,"href":"https:\/\/www.lumina-mundi.com\/nl\/wp-json\/wp\/v2\/etheme_brands?post=3618"},{"taxonomy":"product_brand","embeddable":true,"href":"https:\/\/www.lumina-mundi.com\/nl\/wp-json\/wp\/v2\/product_brand?post=3618"},{"taxonomy":"product_cat","embeddable":true,"href":"https:\/\/www.lumina-mundi.com\/nl\/wp-json\/wp\/v2\/product_cat?post=3618"},{"taxonomy":"product_tag","embeddable":true,"href":"https:\/\/www.lumina-mundi.com\/nl\/wp-json\/wp\/v2\/product_tag?post=3618"}],"curies":[{"name":"wp","href":"https:\/\/api.w.org\/{rel}","templated":true}]}}