{"id":892,"date":"2022-04-26T16:04:41","date_gmt":"2022-04-26T14:04:41","guid":{"rendered":"https:\/\/www.staging.lumina-mundi.com\/?post_type=product&#038;p=892"},"modified":"2026-04-15T21:39:31","modified_gmt":"2026-04-15T19:39:31","slug":"sanatio-ignis","status":"publish","type":"product","link":"https:\/\/www.lumina-mundi.com\/nl\/product\/sanatio-ignis\/","title":{"rendered":"CREME SANATIO IGNIS"},"content":{"rendered":"<div data-elementor-type=\"product-post\" data-elementor-id=\"892\" class=\"elementor elementor-892\" data-elementor-post-type=\"product\">\n\t\t\t\t\t\t<section class=\"elementor-section elementor-top-section elementor-element elementor-element-7878bb3e elementor-section-boxed elementor-section-height-default elementor-section-height-default\" data-id=\"7878bb3e\" data-element_type=\"section\">\n\t\t\t\t\t\t<div class=\"elementor-container elementor-column-gap-default\">\n\t\t\t\t\t<div class=\"elementor-column elementor-col-100 elementor-top-column elementor-element elementor-element-480a50d5\" data-id=\"480a50d5\" data-element_type=\"column\">\n\t\t\t<div class=\"elementor-widget-wrap elementor-element-populated\">\n\t\t\t\t\t\t<div class=\"elementor-element elementor-element-51128133 elementor-widget elementor-widget-text-editor\" data-id=\"51128133\" data-element_type=\"widget\" data-widget_type=\"text-editor.default\">\n\t\t\t\t<div class=\"elementor-widget-container\">\n\t\t\t\t\t\t\t\t\t<p>Cette cr\u00e8me de massage est un indispensable \u00e0 avoir dans votre vie de personne active. Elle vous permettra de pr\u00e9parer votre corps \u00e0 toutes activit\u00e9s physiques et \u00e0 vous soulagez apr\u00e8s celles-ci. Les huiles essentielles pr\u00e9sentes dans ce produit pourront vous aidez \u00e0 passer au-dessus des d\u00e9sagr\u00e9ments qui pourrait survenir apr\u00e8s vos s\u00e9ances.<\/p><h2>Ingr\u00e9dients<\/h2><p>Helichrysum italicum flower water, anthemis Nobilis flower water, butyrospermum parkii butter, cannabis sativa seed oil, helianthus annuus seed oil, glycerin, cocos nucfera oil, arnica montana flower extract, cetearyl olivate, sorbitan olivate, helichrysum italicum flower oil, thymus vulgaris flower oil, gaultheria procumbens leaf oil, eucalptus dives leaf oil, litsea cubeba fruit oil, salvia sclarea flower oil, eucalyptus radiata leaf oil, cistus ladaniferus oil, melaleuca quinquenervia leaf oil, mentha piperita oil, eucalyptus globulus leaf oil, eucalyptus citriodora oil, lavandula latifolia herb oil, lavandula angustifolia herb oil, melaleuca cajuputi leaf\/twig oil, piper nigrum fruit oil, pinus sylvestris oil, xanthan gum, (citral, citronellol,coumarin, eugenol, geraniol, limonene, linalool)<\/p><h2>Application<\/h2><p>Masser la partie douloureuse de votre corps en appliquant une noisette de cr\u00e8me jusqu\u2019\u00e0 2 fois par jour.<\/p><p>Ne convient pas aux personnes sensibles aux salicyl\u00e9s (notamment les enfants TDA\/TDAH) ainsi que durant la grossesse lors d\u2019un usage concomitant d\u2019anticoagulants.<\/p><p>Faites un test allergique avant utilisation (mettre un peu de cr\u00e8me dans le creux de votre coude et attendre 24h. S\u2019il y a une irritation, n\u2019utilisez pas cette cr\u00e8me et contacter votre m\u00e9decin)<\/p><h2>Contenant<\/h2><p>50 et 100ml, en pot.<\/p>\t\t\t\t\t\t\t\t<\/div>\n\t\t\t\t<\/div>\n\t\t\t\t\t<\/div>\n\t\t<\/div>\n\t\t\t\t\t<\/div>\n\t\t<\/section>\n\t\t\t\t<\/div>","protected":false},"excerpt":{"rendered":"<p>Deze massagecr\u00e8me is onmisbaar in je actieve leven.  Het zal u toestaan om uw lichaam voor om het even welke fysieke activiteit voor te bereiden en om daarna te verlichten.  De essenti\u00eble oli\u00ebn in dit product kunnen u helpen om het even welk ongemak te overwinnen dat na uw zittingen kan voorkomen.<\/p>","protected":false},"featured_media":3214,"comment_status":"open","ping_status":"closed","template":"","meta":[],"etheme_brands":[],"product_brand":[],"product_cat":[51],"product_tag":[36,37,35],"class_list":{"0":"post-892","1":"product","2":"type-product","3":"status-publish","4":"has-post-thumbnail","6":"product_cat-sanatio","7":"product_tag-camomille","8":"product_tag-creme","9":"product_tag-lavande","11":"first","12":"instock","13":"taxable","14":"shipping-taxable","15":"purchasable","16":"product-type-variable"},"supplier_id":null,"supplier_sku":"","barcode":null,"atum_controlled":true,"out_stock_date":null,"out_stock_threshold":null,"inheritable":true,"inbound_stock":0,"stock_on_hold":0,"sold_today":1,"sales_last_days":5,"reserved_stock":0,"customer_returns":0,"warehouse_damage":0,"lost_in_post":0,"other_logs":0,"out_stock_days":0,"lost_sales":0,"has_location":false,"update_date":"2026-04-22T12:11:01","atum_locations":[],"atum_stock_status":"instock","restock_status":false,"low_stock_amount":"","sales_update_date":"2026-02-15T00:03:44","calc_backorders":null,"yoast_head":"<!-- This site is optimized with the Yoast SEO plugin v26.7 - https:\/\/yoast.com\/wordpress\/plugins\/seo\/ -->\n<title>CREME SANATIO IGNIS &#8902; LUMINA MUNDI<\/title>\n<meta name=\"description\" content=\"Cr\u00e8me Sanatio Ignis. 100% naturelle. Indispensable pour les personnes actives. Produits aux vertus anti-inflammatoires.\" \/>\n<meta name=\"robots\" content=\"index, follow, max-snippet:-1, max-image-preview:large, max-video-preview:-1\" \/>\n<link rel=\"canonical\" href=\"https:\/\/www.lumina-mundi.com\/nl\/product\/sanatio-ignis\/\" \/>\n<meta property=\"og:locale\" content=\"nl_BE\" \/>\n<meta property=\"og:type\" content=\"article\" \/>\n<meta property=\"og:title\" content=\"CREME SANATIO IGNIS &#8902; LUMINA MUNDI\" \/>\n<meta property=\"og:description\" content=\"Cr\u00e8me Sanatio Ignis. 100% naturelle. Indispensable pour les personnes actives. Produits aux vertus anti-inflammatoires.\" \/>\n<meta property=\"og:url\" content=\"https:\/\/www.lumina-mundi.com\/nl\/product\/sanatio-ignis\/\" \/>\n<meta property=\"og:site_name\" content=\"LUMINA MUNDI\" \/>\n<meta property=\"article:modified_time\" content=\"2026-04-15T19:39:31+00:00\" \/>\n<meta property=\"og:image\" content=\"https:\/\/www.lumina-mundi.com\/wp-content\/uploads\/2022\/04\/DSC00887-scaled.jpg\" \/>\n\t<meta property=\"og:image:width\" content=\"1707\" \/>\n\t<meta property=\"og:image:height\" content=\"2560\" \/>\n\t<meta property=\"og:image:type\" content=\"image\/jpeg\" \/>\n<meta name=\"twitter:card\" content=\"summary_large_image\" \/>\n<meta name=\"twitter:label1\" content=\"Geschatte leestijd\" \/>\n\t<meta name=\"twitter:data1\" content=\"1 minuut\" \/>\n<script type=\"application\/ld+json\" class=\"yoast-schema-graph\">{\"@context\":\"https:\/\/schema.org\",\"@graph\":[{\"@type\":\"WebPage\",\"@id\":\"https:\/\/www.lumina-mundi.com\/produit\/sanatio-ignis\/\",\"url\":\"https:\/\/www.lumina-mundi.com\/produit\/sanatio-ignis\/\",\"name\":\"CREME SANATIO IGNIS &#8902; LUMINA MUNDI\",\"isPartOf\":{\"@id\":\"https:\/\/www.lumina-mundi.com\/#website\"},\"primaryImageOfPage\":{\"@id\":\"https:\/\/www.lumina-mundi.com\/produit\/sanatio-ignis\/#primaryimage\"},\"image\":{\"@id\":\"https:\/\/www.lumina-mundi.com\/produit\/sanatio-ignis\/#primaryimage\"},\"thumbnailUrl\":\"https:\/\/www.lumina-mundi.com\/wp-content\/uploads\/2022\/04\/DSC00887-scaled.jpg\",\"datePublished\":\"2022-04-26T14:04:41+00:00\",\"dateModified\":\"2026-04-15T19:39:31+00:00\",\"description\":\"Cr\u00e8me Sanatio Ignis. 100% naturelle. Indispensable pour les personnes actives. Produits aux vertus anti-inflammatoires.\",\"breadcrumb\":{\"@id\":\"https:\/\/www.lumina-mundi.com\/produit\/sanatio-ignis\/#breadcrumb\"},\"inLanguage\":\"nl-BE\",\"potentialAction\":[{\"@type\":\"ReadAction\",\"target\":[\"https:\/\/www.lumina-mundi.com\/produit\/sanatio-ignis\/\"]}]},{\"@type\":\"ImageObject\",\"inLanguage\":\"nl-BE\",\"@id\":\"https:\/\/www.lumina-mundi.com\/produit\/sanatio-ignis\/#primaryimage\",\"url\":\"https:\/\/www.lumina-mundi.com\/wp-content\/uploads\/2022\/04\/DSC00887-scaled.jpg\",\"contentUrl\":\"https:\/\/www.lumina-mundi.com\/wp-content\/uploads\/2022\/04\/DSC00887-scaled.jpg\",\"width\":1707,\"height\":2560},{\"@type\":\"BreadcrumbList\",\"@id\":\"https:\/\/www.lumina-mundi.com\/produit\/sanatio-ignis\/#breadcrumb\",\"itemListElement\":[{\"@type\":\"ListItem\",\"position\":1,\"name\":\"Accueil\",\"item\":\"https:\/\/www.lumina-mundi.com\/\"},{\"@type\":\"ListItem\",\"position\":2,\"name\":\"E-shop\",\"item\":\"https:\/\/www.lumina-mundi.com\/notre-boutique\/\"},{\"@type\":\"ListItem\",\"position\":3,\"name\":\"CREME SANATIO IGNIS\"}]},{\"@type\":\"WebSite\",\"@id\":\"https:\/\/www.lumina-mundi.com\/#website\",\"url\":\"https:\/\/www.lumina-mundi.com\/\",\"name\":\"LUMINA MUNDI\",\"description\":\"Le pouvoir de la nature pour les humains\",\"publisher\":{\"@id\":\"https:\/\/www.lumina-mundi.com\/#organization\"},\"potentialAction\":[{\"@type\":\"SearchAction\",\"target\":{\"@type\":\"EntryPoint\",\"urlTemplate\":\"https:\/\/www.lumina-mundi.com\/?s={search_term_string}\"},\"query-input\":{\"@type\":\"PropertyValueSpecification\",\"valueRequired\":true,\"valueName\":\"search_term_string\"}}],\"inLanguage\":\"nl-BE\"},{\"@type\":\"Organization\",\"@id\":\"https:\/\/www.lumina-mundi.com\/#organization\",\"name\":\"LUMINA MUNDI\",\"url\":\"https:\/\/www.lumina-mundi.com\/\",\"logo\":{\"@type\":\"ImageObject\",\"inLanguage\":\"nl-BE\",\"@id\":\"https:\/\/www.lumina-mundi.com\/#\/schema\/logo\/image\/\",\"url\":\"https:\/\/i0.wp.com\/www.lumina-mundi.com\/wp-content\/uploads\/2022\/04\/Lumina-Mundi-Logo.png?fit=3392%2C846&ssl=1\",\"contentUrl\":\"https:\/\/i0.wp.com\/www.lumina-mundi.com\/wp-content\/uploads\/2022\/04\/Lumina-Mundi-Logo.png?fit=3392%2C846&ssl=1\",\"width\":3392,\"height\":846,\"caption\":\"LUMINA MUNDI\"},\"image\":{\"@id\":\"https:\/\/www.lumina-mundi.com\/#\/schema\/logo\/image\/\"}}]}<\/script>\n<!-- \/ Yoast SEO plugin. -->","yoast_head_json":{"title":"CREME SANATIO IGNIS &#8902; LUMINA MUNDI","description":"Cr\u00e8me Sanatio Ignis. 100% naturelle. Indispensable pour les personnes actives. Produits aux vertus anti-inflammatoires.","robots":{"index":"index","follow":"follow","max-snippet":"max-snippet:-1","max-image-preview":"max-image-preview:large","max-video-preview":"max-video-preview:-1"},"canonical":"https:\/\/www.lumina-mundi.com\/nl\/product\/sanatio-ignis\/","og_locale":"nl_BE","og_type":"article","og_title":"CREME SANATIO IGNIS &#8902; LUMINA MUNDI","og_description":"Cr\u00e8me Sanatio Ignis. 100% naturelle. Indispensable pour les personnes actives. Produits aux vertus anti-inflammatoires.","og_url":"https:\/\/www.lumina-mundi.com\/nl\/product\/sanatio-ignis\/","og_site_name":"LUMINA MUNDI","article_modified_time":"2026-04-15T19:39:31+00:00","og_image":[{"width":1707,"height":2560,"url":"https:\/\/www.lumina-mundi.com\/wp-content\/uploads\/2022\/04\/DSC00887-scaled.jpg","type":"image\/jpeg"}],"twitter_card":"summary_large_image","twitter_misc":{"Geschatte leestijd":"1 minuut"},"schema":{"@context":"https:\/\/schema.org","@graph":[{"@type":"WebPage","@id":"https:\/\/www.lumina-mundi.com\/produit\/sanatio-ignis\/","url":"https:\/\/www.lumina-mundi.com\/produit\/sanatio-ignis\/","name":"CREME SANATIO IGNIS &#8902; LUMINA MUNDI","isPartOf":{"@id":"https:\/\/www.lumina-mundi.com\/#website"},"primaryImageOfPage":{"@id":"https:\/\/www.lumina-mundi.com\/produit\/sanatio-ignis\/#primaryimage"},"image":{"@id":"https:\/\/www.lumina-mundi.com\/produit\/sanatio-ignis\/#primaryimage"},"thumbnailUrl":"https:\/\/www.lumina-mundi.com\/wp-content\/uploads\/2022\/04\/DSC00887-scaled.jpg","datePublished":"2022-04-26T14:04:41+00:00","dateModified":"2026-04-15T19:39:31+00:00","description":"Cr\u00e8me Sanatio Ignis. 100% naturelle. Indispensable pour les personnes actives. Produits aux vertus anti-inflammatoires.","breadcrumb":{"@id":"https:\/\/www.lumina-mundi.com\/produit\/sanatio-ignis\/#breadcrumb"},"inLanguage":"nl-BE","potentialAction":[{"@type":"ReadAction","target":["https:\/\/www.lumina-mundi.com\/produit\/sanatio-ignis\/"]}]},{"@type":"ImageObject","inLanguage":"nl-BE","@id":"https:\/\/www.lumina-mundi.com\/produit\/sanatio-ignis\/#primaryimage","url":"https:\/\/www.lumina-mundi.com\/wp-content\/uploads\/2022\/04\/DSC00887-scaled.jpg","contentUrl":"https:\/\/www.lumina-mundi.com\/wp-content\/uploads\/2022\/04\/DSC00887-scaled.jpg","width":1707,"height":2560},{"@type":"BreadcrumbList","@id":"https:\/\/www.lumina-mundi.com\/produit\/sanatio-ignis\/#breadcrumb","itemListElement":[{"@type":"ListItem","position":1,"name":"Accueil","item":"https:\/\/www.lumina-mundi.com\/"},{"@type":"ListItem","position":2,"name":"E-shop","item":"https:\/\/www.lumina-mundi.com\/notre-boutique\/"},{"@type":"ListItem","position":3,"name":"CREME SANATIO IGNIS"}]},{"@type":"WebSite","@id":"https:\/\/www.lumina-mundi.com\/#website","url":"https:\/\/www.lumina-mundi.com\/","name":"LUMINA MUNDI","description":"Le pouvoir de la nature pour les humains","publisher":{"@id":"https:\/\/www.lumina-mundi.com\/#organization"},"potentialAction":[{"@type":"SearchAction","target":{"@type":"EntryPoint","urlTemplate":"https:\/\/www.lumina-mundi.com\/?s={search_term_string}"},"query-input":{"@type":"PropertyValueSpecification","valueRequired":true,"valueName":"search_term_string"}}],"inLanguage":"nl-BE"},{"@type":"Organization","@id":"https:\/\/www.lumina-mundi.com\/#organization","name":"LUMINA MUNDI","url":"https:\/\/www.lumina-mundi.com\/","logo":{"@type":"ImageObject","inLanguage":"nl-BE","@id":"https:\/\/www.lumina-mundi.com\/#\/schema\/logo\/image\/","url":"https:\/\/i0.wp.com\/www.lumina-mundi.com\/wp-content\/uploads\/2022\/04\/Lumina-Mundi-Logo.png?fit=3392%2C846&ssl=1","contentUrl":"https:\/\/i0.wp.com\/www.lumina-mundi.com\/wp-content\/uploads\/2022\/04\/Lumina-Mundi-Logo.png?fit=3392%2C846&ssl=1","width":3392,"height":846,"caption":"LUMINA MUNDI"},"image":{"@id":"https:\/\/www.lumina-mundi.com\/#\/schema\/logo\/image\/"}}]}},"_links":{"self":[{"href":"https:\/\/www.lumina-mundi.com\/nl\/wp-json\/wp\/v2\/product\/892","targetHints":{"allow":["GET"]}}],"collection":[{"href":"https:\/\/www.lumina-mundi.com\/nl\/wp-json\/wp\/v2\/product"}],"about":[{"href":"https:\/\/www.lumina-mundi.com\/nl\/wp-json\/wp\/v2\/types\/product"}],"replies":[{"embeddable":true,"href":"https:\/\/www.lumina-mundi.com\/nl\/wp-json\/wp\/v2\/comments?post=892"}],"version-history":[{"count":5,"href":"https:\/\/www.lumina-mundi.com\/nl\/wp-json\/wp\/v2\/product\/892\/revisions"}],"predecessor-version":[{"id":3417,"href":"https:\/\/www.lumina-mundi.com\/nl\/wp-json\/wp\/v2\/product\/892\/revisions\/3417"}],"wp:featuredmedia":[{"embeddable":true,"href":"https:\/\/www.lumina-mundi.com\/nl\/wp-json\/wp\/v2\/media\/3214"}],"wp:attachment":[{"href":"https:\/\/www.lumina-mundi.com\/nl\/wp-json\/wp\/v2\/media?parent=892"}],"wp:term":[{"taxonomy":"brand","embeddable":true,"href":"https:\/\/www.lumina-mundi.com\/nl\/wp-json\/wp\/v2\/etheme_brands?post=892"},{"taxonomy":"product_brand","embeddable":true,"href":"https:\/\/www.lumina-mundi.com\/nl\/wp-json\/wp\/v2\/product_brand?post=892"},{"taxonomy":"product_cat","embeddable":true,"href":"https:\/\/www.lumina-mundi.com\/nl\/wp-json\/wp\/v2\/product_cat?post=892"},{"taxonomy":"product_tag","embeddable":true,"href":"https:\/\/www.lumina-mundi.com\/nl\/wp-json\/wp\/v2\/product_tag?post=892"}],"curies":[{"name":"wp","href":"https:\/\/api.w.org\/{rel}","templated":true}]}}